{"id":488,"date":"2022-03-31T10:28:40","date_gmt":"2022-03-31T08:28:40","guid":{"rendered":"https:\/\/www.portotara.me\/?page_id=488"},"modified":"2025-02-04T12:19:47","modified_gmt":"2025-02-04T11:19:47","slug":"smestaj","status":"publish","type":"page","link":"https:\/\/www.portotara.me\/sr\/smestaj\/","title":{"rendered":"Smje\u0161taj"},"content":{"rendered":"\n<p class=\"has-text-align-center\">Smje\u0161taj se sastoji od jedanaest standardnih dvokrevetnih soba, \u010detiri sobe sa pogledom na rijeku, tri twin sobe i jednog dvosobnog apartmana sa pogledom na rijeku. Gosti mogu u\u017eivati u kori\u0161\u0107enju le\u017ealjki pored rijeke i imaju pristup zajedni\u010dkoj terasi i privatnom parkingu. Tako\u0111e, na raspolaganju su im besplatni kajaci i paddle boarding, \u0161to dodatno upotpunjuje iskustvo boravka u prirodi.<\/p>\n\n\n\n<p class=\"has-text-align-center\">Zadovoljstvo na\u0161ih gostiju je glavni motiv na\u0161eg poslovanja, i uvijek smo spremni da iza\u0111emo u susret svim dodatnim zahtjevima.<\/p>\n","protected":false},"excerpt":{"rendered":"<p>Smje\u0161taj se sastoji od jedanaest standardnih dvokrevetnih soba, \u010detiri sobe sa pogledom na rijeku, tri twin sobe i jednog dvosobnog apartmana sa pogledom na rijeku. Gosti mogu u\u017eivati u kori\u0161\u0107enju le\u017ealjki pored rijeke i imaju pristup zajedni\u010dkoj terasi i privatnom parkingu. Tako\u0111e, na raspolaganju su im besplatni kajaci i paddle boarding, \u0161to dodatno upotpunjuje iskustvo [&hellip;]<\/p>\n","protected":false},"author":1,"featured_media":2107,"parent":0,"menu_order":0,"comment_status":"closed","ping_status":"closed","template":"templates\/template-acc.php","meta":{"footnotes":""},"class_list":["post-488","page","type-page","status-publish","has-post-thumbnail","hentry"],"acf":[],"aioseo_notices":[],"_links":{"self":[{"href":"https:\/\/www.portotara.me\/sr\/wp-json\/wp\/v2\/pages\/488","targetHints":{"allow":["GET"]}}],"collection":[{"href":"https:\/\/www.portotara.me\/sr\/wp-json\/wp\/v2\/pages"}],"about":[{"href":"https:\/\/www.portotara.me\/sr\/wp-json\/wp\/v2\/types\/page"}],"author":[{"embeddable":true,"href":"https:\/\/www.portotara.me\/sr\/wp-json\/wp\/v2\/users\/1"}],"replies":[{"embeddable":true,"href":"https:\/\/www.portotara.me\/sr\/wp-json\/wp\/v2\/comments?post=488"}],"version-history":[{"count":11,"href":"https:\/\/www.portotara.me\/sr\/wp-json\/wp\/v2\/pages\/488\/revisions"}],"predecessor-version":[{"id":2269,"href":"https:\/\/www.portotara.me\/sr\/wp-json\/wp\/v2\/pages\/488\/revisions\/2269"}],"wp:featuredmedia":[{"embeddable":true,"href":"https:\/\/www.portotara.me\/sr\/wp-json\/wp\/v2\/media\/2107"}],"wp:attachment":[{"href":"https:\/\/www.portotara.me\/sr\/wp-json\/wp\/v2\/media?parent=488"}],"curies":[{"name":"wp","href":"https:\/\/api.w.org\/{rel}","templated":true}]}}